{"id":1055,"date":"2023-11-01T15:42:40","date_gmt":"2023-11-01T14:42:40","guid":{"rendered":"https:\/\/boucan.info\/?page_id=1055"},"modified":"2025-12-26T10:31:22","modified_gmt":"2025-12-26T09:31:22","slug":"festival-cine-boucan-2","status":"publish","type":"page","link":"https:\/\/boucan.info\/index.php\/festival-cine-boucan-2\/","title":{"rendered":"Festival cin\u00e9-boucan #2 \/\/ Novembre 2023"},"content":{"rendered":"\n<p>Du 28 novembre au 6 d\u00e9cembre 2023, le festival Cin\u00e9-boucan revient pour lutter contre les violences faites aux femmes, au Cineplanet d&rsquo;Al\u00e8s<\/p>\n\n\n\n<figure class=\"wp-block-image size-large\"><img loading=\"lazy\" decoding=\"async\" width=\"724\" height=\"1024\" src=\"https:\/\/boucan.info\/wp-content\/uploads\/2023\/11\/Affiche-festival-boucan2023-1-724x1024.jpg\" alt=\"\" class=\"wp-image-1328\" srcset=\"https:\/\/boucan.info\/wp-content\/uploads\/2023\/11\/Affiche-festival-boucan2023-1-724x1024.jpg 724w, https:\/\/boucan.info\/wp-content\/uploads\/2023\/11\/Affiche-festival-boucan2023-1-212x300.jpg 212w, https:\/\/boucan.info\/wp-content\/uploads\/2023\/11\/Affiche-festival-boucan2023-1-768x1086.jpg 768w, https:\/\/boucan.info\/wp-content\/uploads\/2023\/11\/Affiche-festival-boucan2023-1-1086x1536.jpg 1086w, https:\/\/boucan.info\/wp-content\/uploads\/2023\/11\/Affiche-festival-boucan2023-1.jpg 1240w\" sizes=\"(max-width: 724px) 100vw, 724px\" \/><\/figure>\n\n\n<div class=\"wp-block-themeisle-blocks-posts-grid\" id=\"wp-block-themeisle-blocks-posts-grid-78084164\"><div class=\"o-featured-container\"><div class=\"o-featured-post\"><div class=\"o-posts-grid-post-image\"><a href=\"https:\/\/boucan.info\/index.php\/2023\/11\/15\/mardi-28-novembre\/\"><img loading=\"lazy\" decoding=\"async\" width=\"587\" height=\"800\" src=\"https:\/\/boucan.info\/wp-content\/uploads\/2023\/11\/l-amour-et-les-forets.jpg\" class=\"attachment-full size-full\" alt=\"Mardi 28 novembre \/\/ L&rsquo;amour et les for\u00eats\" srcset=\"https:\/\/boucan.info\/wp-content\/uploads\/2023\/11\/l-amour-et-les-forets.jpg 587w, https:\/\/boucan.info\/wp-content\/uploads\/2023\/11\/l-amour-et-les-forets-220x300.jpg 220w\" sizes=\"(max-width: 587px) 100vw, 587px\" \/><\/a><\/div><div class=\"o-posts-grid-post-body\"><span class=\"o-posts-grid-post-category\"><a href=\"https:\/\/boucan.info\/index.php\/category\/annee\/2023\/\">2023<\/a><\/span><h4 class=\"o-posts-grid-post-title\"><a href=\"https:\/\/boucan.info\/index.php\/2023\/11\/15\/mardi-28-novembre\/\">Mardi 28 novembre \/\/ L&rsquo;amour et les for\u00eats<\/a><\/h4><p class=\"o-posts-grid-post-meta\">Posted on <time datetime=\"2023-11-15T01:00:10+01:00\">15 novembre 2023<\/time> by <a href=\"https:\/\/boucan.info\/index.php\/author\/pdrouot\/\">Palamy DROUOT<\/a><\/p><div class=\"o-posts-grid-post-description\"><p>Soir\u00e9e organis\u00e9e par Soroptimist.\nS\u00e9ance suivie d&#039;une rencontre avec Marie Artaud, psychologue\nTarif\u2026<\/p><\/div><\/div><\/div><\/div><div class=\"is-grid o-posts-grid-columns-3\"><div class=\"o-posts-grid-post-blog o-posts-grid-post-plain\"><div class=\"o-posts-grid-post\"><div class=\"o-posts-grid-post-image\"><a href=\"https:\/\/boucan.info\/index.php\/2023\/11\/14\/mercredi-29-novembre-15h30\/\"><img loading=\"lazy\" decoding=\"async\" width=\"827\" height=\"1237\" src=\"https:\/\/boucan.info\/wp-content\/uploads\/2023\/11\/dilili.jpg\" class=\"attachment-full size-full\" alt=\"Mercredi 29 novembre &#8211; 15h30 \/\/ Dilili\" srcset=\"https:\/\/boucan.info\/wp-content\/uploads\/2023\/11\/dilili.jpg 827w, https:\/\/boucan.info\/wp-content\/uploads\/2023\/11\/dilili-201x300.jpg 201w, https:\/\/boucan.info\/wp-content\/uploads\/2023\/11\/dilili-685x1024.jpg 685w, https:\/\/boucan.info\/wp-content\/uploads\/2023\/11\/dilili-768x1149.jpg 768w\" sizes=\"(max-width: 827px) 100vw, 827px\" \/><\/a><\/div><div class=\"o-posts-grid-post-body\"><span class=\"o-posts-grid-post-category\"><a href=\"https:\/\/boucan.info\/index.php\/category\/annee\/2018\/\">2018<\/a><\/span><h4 class=\"o-posts-grid-post-title\"><a href=\"https:\/\/boucan.info\/index.php\/2023\/11\/14\/mercredi-29-novembre-15h30\/\">Mercredi 29 novembre &#8211; 15h30 \/\/ Dilili<\/a><\/h4><p class=\"o-posts-grid-post-meta\">Posted on <time datetime=\"2023-11-14T18:28:00+01:00\">14 novembre 2023<\/time> by <a href=\"https:\/\/boucan.info\/index.php\/author\/pdrouot\/\">Palamy DROUOT<\/a><\/p><div class=\"o-posts-grid-post-description\"><p>S\u00e9ance jeune public suivie d\u2019un cin\u00e9-discute<\/p><\/div><\/div><\/div><\/div><div class=\"o-posts-grid-post-blog o-posts-grid-post-plain\"><div class=\"o-posts-grid-post\"><div class=\"o-posts-grid-post-image\"><a href=\"https:\/\/boucan.info\/index.php\/2023\/11\/14\/mercredi-29-novembre-20h\/\"><img loading=\"lazy\" decoding=\"async\" width=\"788\" height=\"1080\" src=\"https:\/\/boucan.info\/wp-content\/uploads\/2023\/11\/she-said.jpg\" class=\"attachment-full size-full\" alt=\"Mercredi 29 novembre &#8211; 20h \/\/ She said\" srcset=\"https:\/\/boucan.info\/wp-content\/uploads\/2023\/11\/she-said.jpg 788w, https:\/\/boucan.info\/wp-content\/uploads\/2023\/11\/she-said-219x300.jpg 219w, https:\/\/boucan.info\/wp-content\/uploads\/2023\/11\/she-said-747x1024.jpg 747w, https:\/\/boucan.info\/wp-content\/uploads\/2023\/11\/she-said-768x1053.jpg 768w\" sizes=\"(max-width: 788px) 100vw, 788px\" \/><\/a><\/div><div class=\"o-posts-grid-post-body\"><span class=\"o-posts-grid-post-category\"><a href=\"https:\/\/boucan.info\/index.php\/category\/annee\/2023\/\">2023<\/a><\/span><h4 class=\"o-posts-grid-post-title\"><a href=\"https:\/\/boucan.info\/index.php\/2023\/11\/14\/mercredi-29-novembre-20h\/\">Mercredi 29 novembre &#8211; 20h \/\/ She said<\/a><\/h4><p class=\"o-posts-grid-post-meta\">Posted on <time datetime=\"2023-11-14T18:00:00+01:00\">14 novembre 2023<\/time> by <a href=\"https:\/\/boucan.info\/index.php\/author\/pdrouot\/\">Palamy DROUOT<\/a><\/p><div class=\"o-posts-grid-post-description\"><p>S\u00e9ance suivie d\u2019un cin\u00e9-discute anim\u00e9 par Boucan<\/p><\/div><\/div><\/div><\/div><div class=\"o-posts-grid-post-blog o-posts-grid-post-plain\"><div class=\"o-posts-grid-post\"><div class=\"o-posts-grid-post-image\"><a href=\"https:\/\/boucan.info\/index.php\/2023\/11\/13\/jeudi-30-novembre-20h-jusqua-la-garde\/\"><img loading=\"lazy\" decoding=\"async\" width=\"1202\" height=\"1600\" src=\"https:\/\/boucan.info\/wp-content\/uploads\/2023\/11\/j-usqu-a-la-garde.jpg\" class=\"attachment-full size-full\" alt=\"Jeudi 30 novembre &#8211; 20h \/\/ Jusqu&rsquo;\u00e0 la garde\" srcset=\"https:\/\/boucan.info\/wp-content\/uploads\/2023\/11\/j-usqu-a-la-garde.jpg 1202w, https:\/\/boucan.info\/wp-content\/uploads\/2023\/11\/j-usqu-a-la-garde-225x300.jpg 225w, https:\/\/boucan.info\/wp-content\/uploads\/2023\/11\/j-usqu-a-la-garde-769x1024.jpg 769w, https:\/\/boucan.info\/wp-content\/uploads\/2023\/11\/j-usqu-a-la-garde-768x1022.jpg 768w, https:\/\/boucan.info\/wp-content\/uploads\/2023\/11\/j-usqu-a-la-garde-1154x1536.jpg 1154w\" sizes=\"(max-width: 1202px) 100vw, 1202px\" \/><\/a><\/div><div class=\"o-posts-grid-post-body\"><span class=\"o-posts-grid-post-category\"><a href=\"https:\/\/boucan.info\/index.php\/category\/annee\/2017\/\">2017<\/a><\/span><h4 class=\"o-posts-grid-post-title\"><a href=\"https:\/\/boucan.info\/index.php\/2023\/11\/13\/jeudi-30-novembre-20h-jusqua-la-garde\/\">Jeudi 30 novembre &#8211; 20h \/\/ Jusqu&rsquo;\u00e0 la garde<\/a><\/h4><p class=\"o-posts-grid-post-meta\">Posted on <time datetime=\"2023-11-13T18:23:43+01:00\">13 novembre 2023<\/time> by <a href=\"https:\/\/boucan.info\/index.php\/author\/pdrouot\/\">Palamy DROUOT<\/a><\/p><div class=\"o-posts-grid-post-description\"><p>S\u00e9ance suivie d\u2019un cin\u00e9-discute en pr\u00e9sence de l\u2019association Prendre son envol et la Perm juridique \u2026<\/p><\/div><\/div><\/div><\/div><div class=\"o-posts-grid-post-blog o-posts-grid-post-plain\"><div class=\"o-posts-grid-post\"><div class=\"o-posts-grid-post-image\"><a href=\"https:\/\/boucan.info\/index.php\/2023\/11\/12\/vendredi-1er-decembre-20h\/\"><img loading=\"lazy\" decoding=\"async\" width=\"310\" height=\"420\" src=\"https:\/\/boucan.info\/wp-content\/uploads\/2023\/11\/how-to-have-sex.webp\" class=\"attachment-full size-full\" alt=\"Vendredi 1er d\u00e9cembre &#8211; 20h \/\/ HOW TO HAVE SEX\" srcset=\"https:\/\/boucan.info\/wp-content\/uploads\/2023\/11\/how-to-have-sex.webp 310w, https:\/\/boucan.info\/wp-content\/uploads\/2023\/11\/how-to-have-sex-221x300.webp 221w\" sizes=\"(max-width: 310px) 100vw, 310px\" \/><\/a><\/div><div class=\"o-posts-grid-post-body\"><span class=\"o-posts-grid-post-category\"><a href=\"https:\/\/boucan.info\/index.php\/category\/annee\/2023\/\">2023<\/a><\/span><h4 class=\"o-posts-grid-post-title\"><a href=\"https:\/\/boucan.info\/index.php\/2023\/11\/12\/vendredi-1er-decembre-20h\/\">Vendredi 1er d\u00e9cembre &#8211; 20h \/\/ HOW TO HAVE SEX<\/a><\/h4><p class=\"o-posts-grid-post-meta\">Posted on <time datetime=\"2023-11-12T18:25:02+01:00\">12 novembre 2023<\/time> by <a href=\"https:\/\/boucan.info\/index.php\/author\/pdrouot\/\">Palamy DROUOT<\/a><\/p><div class=\"o-posts-grid-post-description\"><p>S\u00e9ance suivie d\u2019un cin\u00e9-discute anim\u00e9 par Boucan<\/p><\/div><\/div><\/div><\/div><div class=\"o-posts-grid-post-blog o-posts-grid-post-plain\"><div class=\"o-posts-grid-post\"><div class=\"o-posts-grid-post-image\"><a href=\"https:\/\/boucan.info\/index.php\/2023\/11\/11\/samedi-2-decembre-16h\/\"><img loading=\"lazy\" decoding=\"async\" width=\"310\" height=\"420\" src=\"https:\/\/boucan.info\/wp-content\/uploads\/2023\/11\/les-filles-dolfa.webp\" class=\"attachment-full size-full\" alt=\"Samedi 2 d\u00e9cembre &#8211; 16h \/\/ Les filles d&rsquo;Olfa\" srcset=\"https:\/\/boucan.info\/wp-content\/uploads\/2023\/11\/les-filles-dolfa.webp 310w, https:\/\/boucan.info\/wp-content\/uploads\/2023\/11\/les-filles-dolfa-221x300.webp 221w\" sizes=\"(max-width: 310px) 100vw, 310px\" \/><\/a><\/div><div class=\"o-posts-grid-post-body\"><span class=\"o-posts-grid-post-category\"><a href=\"https:\/\/boucan.info\/index.php\/category\/annee\/2023\/\">2023<\/a><\/span><h4 class=\"o-posts-grid-post-title\"><a href=\"https:\/\/boucan.info\/index.php\/2023\/11\/11\/samedi-2-decembre-16h\/\">Samedi 2 d\u00e9cembre &#8211; 16h \/\/ Les filles d&rsquo;Olfa<\/a><\/h4><p class=\"o-posts-grid-post-meta\">Posted on <time datetime=\"2023-11-11T18:37:03+01:00\">11 novembre 2023<\/time> by <a href=\"https:\/\/boucan.info\/index.php\/author\/pdrouot\/\">Palamy DROUOT<\/a><\/p><div class=\"o-posts-grid-post-description\"><p>S\u00e9ance suivie d\u2019un cin\u00e9-discute anim\u00e9 par Boucan<\/p><\/div><\/div><\/div><\/div><div class=\"o-posts-grid-post-blog o-posts-grid-post-plain\"><div class=\"o-posts-grid-post\"><div class=\"o-posts-grid-post-image\"><a href=\"https:\/\/boucan.info\/index.php\/2023\/11\/10\/samedi-2-decembre-20h\/\"><img loading=\"lazy\" decoding=\"async\" width=\"751\" height=\"1023\" src=\"https:\/\/boucan.info\/wp-content\/uploads\/2023\/11\/levante.jpg\" class=\"attachment-full size-full\" alt=\"Samedi 2 d\u00e9cembre &#8211; 20h \/\/ Levante\" srcset=\"https:\/\/boucan.info\/wp-content\/uploads\/2023\/11\/levante.jpg 751w, https:\/\/boucan.info\/wp-content\/uploads\/2023\/11\/levante-220x300.jpg 220w\" sizes=\"(max-width: 751px) 100vw, 751px\" \/><\/a><\/div><div class=\"o-posts-grid-post-body\"><span class=\"o-posts-grid-post-category\"><a href=\"https:\/\/boucan.info\/index.php\/category\/annee\/2023\/\">2023<\/a><\/span><h4 class=\"o-posts-grid-post-title\"><a href=\"https:\/\/boucan.info\/index.php\/2023\/11\/10\/samedi-2-decembre-20h\/\">Samedi 2 d\u00e9cembre &#8211; 20h \/\/ Levante<\/a><\/h4><p class=\"o-posts-grid-post-meta\">Posted on <time datetime=\"2023-11-10T18:36:14+01:00\">10 novembre 2023<\/time> by <a href=\"https:\/\/boucan.info\/index.php\/author\/pdrouot\/\">Palamy DROUOT<\/a><\/p><div class=\"o-posts-grid-post-description\"><p>Avant-premi\u00e8re suivie d&#039;un cin\u00e9-discute anim\u00e9 par Boucan<\/p><\/div><\/div><\/div><\/div><div class=\"o-posts-grid-post-blog o-posts-grid-post-plain\"><div class=\"o-posts-grid-post\"><div class=\"o-posts-grid-post-image\"><a href=\"https:\/\/boucan.info\/index.php\/2023\/11\/09\/dimanche-3-decembre-16h\/\"><img loading=\"lazy\" decoding=\"async\" width=\"310\" height=\"420\" src=\"https:\/\/boucan.info\/wp-content\/uploads\/2023\/11\/touchees.jpg\" class=\"attachment-full size-full\" alt=\"Dimanche 3 d\u00e9cembre &#8211; 16h \/\/ Touch\u00e9es\" srcset=\"https:\/\/boucan.info\/wp-content\/uploads\/2023\/11\/touchees.jpg 310w, https:\/\/boucan.info\/wp-content\/uploads\/2023\/11\/touchees-221x300.jpg 221w\" sizes=\"(max-width: 310px) 100vw, 310px\" \/><\/a><\/div><div class=\"o-posts-grid-post-body\"><span class=\"o-posts-grid-post-category\"><a href=\"https:\/\/boucan.info\/index.php\/category\/annee\/2022\/\">2022<\/a><\/span><h4 class=\"o-posts-grid-post-title\"><a href=\"https:\/\/boucan.info\/index.php\/2023\/11\/09\/dimanche-3-decembre-16h\/\">Dimanche 3 d\u00e9cembre &#8211; 16h \/\/ Touch\u00e9es<\/a><\/h4><p class=\"o-posts-grid-post-meta\">Posted on <time datetime=\"2023-11-09T18:26:54+01:00\">9 novembre 2023<\/time> by <a href=\"https:\/\/boucan.info\/index.php\/author\/pdrouot\/\">Palamy DROUOT<\/a><\/p><div class=\"o-posts-grid-post-description\"><p>Cin\u00e9-discute en pr\u00e9sence d\u2019Alexandra Lamy, r\u00e9alisatrice du film<\/p><\/div><\/div><\/div><\/div><div class=\"o-posts-grid-post-blog o-posts-grid-post-plain\"><div class=\"o-posts-grid-post\"><div class=\"o-posts-grid-post-image\"><a href=\"https:\/\/boucan.info\/index.php\/2023\/11\/08\/lundi-4-decembre-20h\/\"><img loading=\"lazy\" decoding=\"async\" width=\"800\" height=\"1136\" src=\"https:\/\/boucan.info\/wp-content\/uploads\/2023\/11\/24h-a-NY.jpg\" class=\"attachment-full size-full\" alt=\"Lundi 4 d\u00e9cembre &#8211; 20h \/\/ 24 heures \u00e0 New-York\" srcset=\"https:\/\/boucan.info\/wp-content\/uploads\/2023\/11\/24h-a-NY.jpg 800w, https:\/\/boucan.info\/wp-content\/uploads\/2023\/11\/24h-a-NY-211x300.jpg 211w, https:\/\/boucan.info\/wp-content\/uploads\/2023\/11\/24h-a-NY-721x1024.jpg 721w, https:\/\/boucan.info\/wp-content\/uploads\/2023\/11\/24h-a-NY-768x1091.jpg 768w\" sizes=\"(max-width: 800px) 100vw, 800px\" \/><\/a><\/div><div class=\"o-posts-grid-post-body\"><span class=\"o-posts-grid-post-category\"><a href=\"https:\/\/boucan.info\/index.php\/category\/annee\/2023\/\">2023<\/a><\/span><h4 class=\"o-posts-grid-post-title\"><a href=\"https:\/\/boucan.info\/index.php\/2023\/11\/08\/lundi-4-decembre-20h\/\">Lundi 4 d\u00e9cembre &#8211; 20h \/\/ 24 heures \u00e0 New-York<\/a><\/h4><p class=\"o-posts-grid-post-meta\">Posted on <time datetime=\"2023-11-08T18:32:42+01:00\">8 novembre 2023<\/time> by <a href=\"https:\/\/boucan.info\/index.php\/author\/pdrouot\/\">Palamy DROUOT<\/a><\/p><div class=\"o-posts-grid-post-description\"><p>S\u00e9ance suivie d\u2019un cin\u00e9-discute en pr\u00e9sence du Planning Familial du Gard<\/p><\/div><\/div><\/div><\/div><div class=\"o-posts-grid-post-blog o-posts-grid-post-plain\"><div class=\"o-posts-grid-post\"><div class=\"o-posts-grid-post-image\"><a href=\"https:\/\/boucan.info\/index.php\/2023\/11\/06\/mardi-5-decembre-20h-un-amour-impossible\/\"><img loading=\"lazy\" decoding=\"async\" width=\"310\" height=\"420\" src=\"https:\/\/boucan.info\/wp-content\/uploads\/2023\/11\/un-amour-impossible.webp\" class=\"attachment-full size-full\" alt=\"Mardi 5 d\u00e9cembre &#8211; 20h \/\/ Un amour impossible\" srcset=\"https:\/\/boucan.info\/wp-content\/uploads\/2023\/11\/un-amour-impossible.webp 310w, https:\/\/boucan.info\/wp-content\/uploads\/2023\/11\/un-amour-impossible-221x300.webp 221w\" sizes=\"(max-width: 310px) 100vw, 310px\" \/><\/a><\/div><div class=\"o-posts-grid-post-body\"><span class=\"o-posts-grid-post-category\"><a href=\"https:\/\/boucan.info\/index.php\/category\/annee\/2018\/\">2018<\/a><\/span><h4 class=\"o-posts-grid-post-title\"><a href=\"https:\/\/boucan.info\/index.php\/2023\/11\/06\/mardi-5-decembre-20h-un-amour-impossible\/\">Mardi 5 d\u00e9cembre &#8211; 20h \/\/ Un amour impossible<\/a><\/h4><p class=\"o-posts-grid-post-meta\">Posted on <time datetime=\"2023-11-06T18:33:25+01:00\">6 novembre 2023<\/time> by <a href=\"https:\/\/boucan.info\/index.php\/author\/pdrouot\/\">Palamy DROUOT<\/a><\/p><div class=\"o-posts-grid-post-description\"><p>S\u00e9ance suivie d\u2019un cin\u00e9-discute anim\u00e9 par Boucan<\/p><\/div><\/div><\/div><\/div><div class=\"o-posts-grid-post-blog o-posts-grid-post-plain\"><div class=\"o-posts-grid-post\"><div class=\"o-posts-grid-post-image\"><a href=\"https:\/\/boucan.info\/index.php\/2023\/11\/05\/mercredi-6-decembre-20h\/\"><img loading=\"lazy\" decoding=\"async\" width=\"1200\" height=\"1600\" src=\"https:\/\/boucan.info\/wp-content\/uploads\/2023\/11\/les-tournesols-sauvages.jpg\" class=\"attachment-full size-full\" alt=\"Mercredi 6 d\u00e9cembre &#8211; 20h \/\/ Les tournesols sauvages\" srcset=\"https:\/\/boucan.info\/wp-content\/uploads\/2023\/11\/les-tournesols-sauvages.jpg 1200w, https:\/\/boucan.info\/wp-content\/uploads\/2023\/11\/les-tournesols-sauvages-225x300.jpg 225w, https:\/\/boucan.info\/wp-content\/uploads\/2023\/11\/les-tournesols-sauvages-768x1024.jpg 768w, https:\/\/boucan.info\/wp-content\/uploads\/2023\/11\/les-tournesols-sauvages-1152x1536.jpg 1152w\" sizes=\"(max-width: 1200px) 100vw, 1200px\" \/><\/a><\/div><div class=\"o-posts-grid-post-body\"><span class=\"o-posts-grid-post-category\"><a href=\"https:\/\/boucan.info\/index.php\/category\/annee\/2023\/\">2023<\/a><\/span><h4 class=\"o-posts-grid-post-title\"><a href=\"https:\/\/boucan.info\/index.php\/2023\/11\/05\/mercredi-6-decembre-20h\/\">Mercredi 6 d\u00e9cembre &#8211; 20h \/\/ Les tournesols sauvages<\/a><\/h4><p class=\"o-posts-grid-post-meta\">Posted on <time datetime=\"2023-11-05T01:00:27+01:00\">5 novembre 2023<\/time> by <a href=\"https:\/\/boucan.info\/index.php\/author\/pdrouot\/\">Palamy DROUOT<\/a><\/p><div class=\"o-posts-grid-post-description\"><p>S\u00e9ance suivie d\u2019un cin\u00e9-discute anim\u00e9 par Boucan, puis d&#039;un buffet de cl\u00f4ture du festival, en parten\u2026<\/p><\/div><\/div><\/div><\/div><div class=\"o-posts-grid-post-blog o-posts-grid-post-plain\"><div class=\"o-posts-grid-post\"><div class=\"o-posts-grid-post-image\"><a href=\"https:\/\/boucan.info\/index.php\/2023\/11\/04\/atelier-jeux\/\"><img loading=\"lazy\" decoding=\"async\" width=\"2160\" height=\"2160\" src=\"https:\/\/boucan.info\/wp-content\/uploads\/2023\/11\/Jeu_Moi-cest-madame_riposter_au_sexisme_1.png\" class=\"attachment-full size-full\" alt=\"Atelier jeux\" srcset=\"https:\/\/boucan.info\/wp-content\/uploads\/2023\/11\/Jeu_Moi-cest-madame_riposter_au_sexisme_1.png 2160w, https:\/\/boucan.info\/wp-content\/uploads\/2023\/11\/Jeu_Moi-cest-madame_riposter_au_sexisme_1-300x300.png 300w, https:\/\/boucan.info\/wp-content\/uploads\/2023\/11\/Jeu_Moi-cest-madame_riposter_au_sexisme_1-1024x1024.png 1024w, https:\/\/boucan.info\/wp-content\/uploads\/2023\/11\/Jeu_Moi-cest-madame_riposter_au_sexisme_1-150x150.png 150w, https:\/\/boucan.info\/wp-content\/uploads\/2023\/11\/Jeu_Moi-cest-madame_riposter_au_sexisme_1-768x768.png 768w, https:\/\/boucan.info\/wp-content\/uploads\/2023\/11\/Jeu_Moi-cest-madame_riposter_au_sexisme_1-1536x1536.png 1536w, https:\/\/boucan.info\/wp-content\/uploads\/2023\/11\/Jeu_Moi-cest-madame_riposter_au_sexisme_1-2048x2048.png 2048w\" sizes=\"(max-width: 2160px) 100vw, 2160px\" \/><\/a><\/div><div class=\"o-posts-grid-post-body\"><span class=\"o-posts-grid-post-category\"><a href=\"https:\/\/boucan.info\/index.php\/category\/festival-cine-boucan\/2e-edition\/\">Cine-boucan-2<\/a><\/span><h4 class=\"o-posts-grid-post-title\"><a href=\"https:\/\/boucan.info\/index.php\/2023\/11\/04\/atelier-jeux\/\">Atelier jeux<\/a><\/h4><p class=\"o-posts-grid-post-meta\">Posted on <time datetime=\"2023-11-04T16:15:00+01:00\">4 novembre 2023<\/time> by <a href=\"https:\/\/boucan.info\/index.php\/author\/pdrouot\/\">Palamy DROUOT<\/a><\/p><div class=\"o-posts-grid-post-description\"><p>Viens jouer avec nous et d\u00e9couvrir des jeux concernant nos th\u00e9matiques dans le hall du Cineplanet me\u2026<\/p><\/div><\/div><\/div><\/div><div class=\"o-posts-grid-post-blog o-posts-grid-post-plain\"><div class=\"o-posts-grid-post\"><div class=\"o-posts-grid-post-image\"><a href=\"https:\/\/boucan.info\/index.php\/2023\/11\/03\/atelier-badge-slogan\/\"><img loading=\"lazy\" decoding=\"async\" width=\"2560\" height=\"1920\" src=\"https:\/\/boucan.info\/wp-content\/uploads\/2023\/11\/IMG_20230930_183538-scaled.jpg\" class=\"attachment-full size-full\" alt=\"ATELIER BADGE \/ SLOGAN\" srcset=\"https:\/\/boucan.info\/wp-content\/uploads\/2023\/11\/IMG_20230930_183538-scaled.jpg 2560w, https:\/\/boucan.info\/wp-content\/uploads\/2023\/11\/IMG_20230930_183538-300x225.jpg 300w, https:\/\/boucan.info\/wp-content\/uploads\/2023\/11\/IMG_20230930_183538-1024x768.jpg 1024w, https:\/\/boucan.info\/wp-content\/uploads\/2023\/11\/IMG_20230930_183538-768x576.jpg 768w, https:\/\/boucan.info\/wp-content\/uploads\/2023\/11\/IMG_20230930_183538-1536x1152.jpg 1536w, https:\/\/boucan.info\/wp-content\/uploads\/2023\/11\/IMG_20230930_183538-2048x1536.jpg 2048w\" sizes=\"(max-width: 2560px) 100vw, 2560px\" \/><\/a><\/div><div class=\"o-posts-grid-post-body\"><span class=\"o-posts-grid-post-category\"><a href=\"https:\/\/boucan.info\/index.php\/category\/festival-cine-boucan\/2e-edition\/\">Cine-boucan-2<\/a><\/span><h4 class=\"o-posts-grid-post-title\"><a href=\"https:\/\/boucan.info\/index.php\/2023\/11\/03\/atelier-badge-slogan\/\">ATELIER BADGE \/ SLOGAN<\/a><\/h4><p class=\"o-posts-grid-post-meta\">Posted on <time datetime=\"2023-11-03T16:19:00+01:00\">3 novembre 2023<\/time> by <a href=\"https:\/\/boucan.info\/index.php\/author\/pdrouot\/\">Palamy DROUOT<\/a><\/p><div class=\"o-posts-grid-post-description\"><p>Viens cr\u00e9er ton slogan f\u00e9ministe ou ton badge sur le stand Boucan, dans le hall du Cineplanet avant \u2026<\/p><\/div><\/div><\/div><\/div><div class=\"o-posts-grid-post-blog o-posts-grid-post-plain\"><div class=\"o-posts-grid-post\"><div class=\"o-posts-grid-post-image\"><a href=\"https:\/\/boucan.info\/index.php\/2023\/11\/01\/infos-pratiques\/\"><img loading=\"lazy\" decoding=\"async\" width=\"1080\" height=\"1080\" src=\"https:\/\/boucan.info\/wp-content\/uploads\/2023\/11\/16.jpg\" class=\"attachment-full size-full\" alt=\"Infos pratiques\" srcset=\"https:\/\/boucan.info\/wp-content\/uploads\/2023\/11\/16.jpg 1080w, https:\/\/boucan.info\/wp-content\/uploads\/2023\/11\/16-300x300.jpg 300w, https:\/\/boucan.info\/wp-content\/uploads\/2023\/11\/16-1024x1024.jpg 1024w, https:\/\/boucan.info\/wp-content\/uploads\/2023\/11\/16-150x150.jpg 150w, https:\/\/boucan.info\/wp-content\/uploads\/2023\/11\/16-768x768.jpg 768w\" sizes=\"(max-width: 1080px) 100vw, 1080px\" \/><\/a><\/div><div class=\"o-posts-grid-post-body\"><span class=\"o-posts-grid-post-category\"><a href=\"https:\/\/boucan.info\/index.php\/category\/festival-cine-boucan\/2e-edition\/\">Cine-boucan-2<\/a><\/span><h4 class=\"o-posts-grid-post-title\"><a href=\"https:\/\/boucan.info\/index.php\/2023\/11\/01\/infos-pratiques\/\">Infos pratiques<\/a><\/h4><p class=\"o-posts-grid-post-meta\">Posted on <time datetime=\"2023-11-01T16:25:00+01:00\">1 novembre 2023<\/time> by <a href=\"https:\/\/boucan.info\/index.php\/author\/pdrouot\/\">Palamy DROUOT<\/a><\/p><div class=\"o-posts-grid-post-description\"><p>Avant et apr\u00e8s chaque s\u00e9ance, stand Boucan avec une petite biblioth\u00e8que, s\u00e9lection d&rsquo;ouvrages \u2026<\/p><\/div><\/div><\/div><\/div><\/div> <\/div>\n\n\n<div id=\"wp-block-themeisle-blocks-advanced-columns-62bc4787\" class=\"wp-block-themeisle-blocks-advanced-columns has-1-columns has-desktop-equal-layout has-tablet-equal-layout has-mobile-equal-layout has-vertical-unset\"><div class=\"wp-block-themeisle-blocks-advanced-columns-overlay\"><\/div><div class=\"innerblocks-wrap\">\n<div id=\"wp-block-themeisle-blocks-advanced-column-629e9852\" class=\"wp-block-themeisle-blocks-advanced-column\"><\/div>\n<\/div><\/div>\n","protected":false},"excerpt":{"rendered":"<p>Du 28 novembre au 6 d\u00e9cembre 2023, le festival Cin\u00e9-boucan revient pour lutter contre les violences faites aux femmes, au Cineplanet d&rsquo;Al\u00e8s<\/p>\n","protected":false},"author":3,"featured_media":0,"parent":0,"menu_order":0,"comment_status":"closed","ping_status":"closed","template":"","meta":{"neve_meta_sidebar":"","neve_meta_container":"","neve_meta_enable_content_width":"","neve_meta_content_width":0,"neve_meta_title_alignment":"","neve_meta_author_avatar":"","neve_post_elements_order":"","neve_meta_disable_header":"","neve_meta_disable_footer":"","neve_meta_disable_title":"","_themeisle_gutenberg_block_has_review":false,"footnotes":""},"class_list":["post-1055","page","type-page","status-publish","hentry"],"_links":{"self":[{"href":"https:\/\/boucan.info\/index.php\/wp-json\/wp\/v2\/pages\/1055","targetHints":{"allow":["GET"]}}],"collection":[{"href":"https:\/\/boucan.info\/index.php\/wp-json\/wp\/v2\/pages"}],"about":[{"href":"https:\/\/boucan.info\/index.php\/wp-json\/wp\/v2\/types\/page"}],"author":[{"embeddable":true,"href":"https:\/\/boucan.info\/index.php\/wp-json\/wp\/v2\/users\/3"}],"replies":[{"embeddable":true,"href":"https:\/\/boucan.info\/index.php\/wp-json\/wp\/v2\/comments?post=1055"}],"version-history":[{"count":15,"href":"https:\/\/boucan.info\/index.php\/wp-json\/wp\/v2\/pages\/1055\/revisions"}],"predecessor-version":[{"id":2830,"href":"https:\/\/boucan.info\/index.php\/wp-json\/wp\/v2\/pages\/1055\/revisions\/2830"}],"wp:attachment":[{"href":"https:\/\/boucan.info\/index.php\/wp-json\/wp\/v2\/media?parent=1055"}],"curies":[{"name":"wp","href":"https:\/\/api.w.org\/{rel}","templated":true}]}}