{"id":2146,"date":"2024-10-11T09:58:04","date_gmt":"2024-10-11T07:58:04","guid":{"rendered":"https:\/\/boucan.info\/?page_id=2146"},"modified":"2025-12-26T10:25:23","modified_gmt":"2025-12-26T09:25:23","slug":"cine-boucan-4-novembre-2024","status":"publish","type":"page","link":"https:\/\/boucan.info\/index.php\/cine-boucan-4-novembre-2024\/","title":{"rendered":"Cin\u00e9-Boucan #4 \/\/ Novembre 2024"},"content":{"rendered":"\n<p>Cin\u00e9 Boucan revient pour sa 4e \u00e9dition, et c&rsquo;est du 25 novembre au 3 d\u00e9cembre 2024, au Cineplanet d&rsquo;Al\u00e8s et hors les murs.<\/p>\n\n\n\n<figure class=\"wp-block-image size-full\"><img loading=\"lazy\" decoding=\"async\" width=\"451\" height=\"641\" src=\"https:\/\/boucan.info\/wp-content\/uploads\/2024\/10\/affiche_cine_boucan.png\" alt=\"\" class=\"wp-image-2313\" srcset=\"https:\/\/boucan.info\/wp-content\/uploads\/2024\/10\/affiche_cine_boucan.png 451w, https:\/\/boucan.info\/wp-content\/uploads\/2024\/10\/affiche_cine_boucan-211x300.png 211w\" sizes=\"(max-width: 451px) 100vw, 451px\" \/><\/figure>\n\n\n<div class=\"wp-block-themeisle-blocks-posts-grid\" id=\"wp-block-themeisle-blocks-posts-grid-78084164\"><div class=\"o-featured-container\"><div class=\"o-featured-post\"><div class=\"o-posts-grid-post-image\"><a href=\"https:\/\/boucan.info\/index.php\/2024\/10\/11\/cine-boucan-revient-pour-sa-4e-edition\/\"><img loading=\"lazy\" decoding=\"async\" width=\"1058\" height=\"1497\" src=\"https:\/\/boucan.info\/wp-content\/uploads\/2024\/10\/Affiche-cine-boucan-4_nov2024V4-pdf.jpg\" class=\"attachment-full size-full\" alt=\"L&rsquo;affiche de cin\u00e9-Boucan#4\" \/><\/a><\/div><div class=\"o-posts-grid-post-body\"><span class=\"o-posts-grid-post-category\"><a href=\"https:\/\/boucan.info\/index.php\/category\/festival-cine-boucan\/cine-boucan-4\/\">Cine-boucan-4<\/a><\/span><h4 class=\"o-posts-grid-post-title\"><a href=\"https:\/\/boucan.info\/index.php\/2024\/10\/11\/cine-boucan-revient-pour-sa-4e-edition\/\">L&rsquo;affiche de cin\u00e9-Boucan#4<\/a><\/h4><p class=\"o-posts-grid-post-meta\">Posted on <time datetime=\"2024-10-11T10:01:47+02:00\">11 octobre 2024<\/time> by <a href=\"https:\/\/boucan.info\/index.php\/author\/vdrouot\/\">vanessa drouot<\/a><\/p><div class=\"o-posts-grid-post-description\"><p>Fin novembre 2024, Cin\u00e9 Boucan revient pour lutter contre les violences faites aux femmes. Ce sera d\u2026<\/p><\/div><\/div><\/div><\/div><div class=\"is-grid o-posts-grid-columns-3\"><div class=\"o-posts-grid-post-blog o-posts-grid-post-plain\"><div class=\"o-posts-grid-post\"><div class=\"o-posts-grid-post-image\"><a href=\"https:\/\/boucan.info\/index.php\/2024\/10\/22\/vendredi-22-novembre-19h-ces-choses-la-on-nen-parle-pas-on-oublie\/\"><img loading=\"lazy\" decoding=\"async\" width=\"1414\" height=\"2000\" src=\"https:\/\/boucan.info\/wp-content\/uploads\/2024\/06\/floriane-affiche.jpg\" class=\"attachment-full size-full\" alt=\"Vendredi 22 novembre &#8211; 19h \/\/ Ces choses l\u00e0 on n&rsquo;en parle pas&#8230; On oublie\" srcset=\"https:\/\/boucan.info\/wp-content\/uploads\/2024\/06\/floriane-affiche.jpg 1414w, https:\/\/boucan.info\/wp-content\/uploads\/2024\/06\/floriane-affiche-212x300.jpg 212w, https:\/\/boucan.info\/wp-content\/uploads\/2024\/06\/floriane-affiche-724x1024.jpg 724w, https:\/\/boucan.info\/wp-content\/uploads\/2024\/06\/floriane-affiche-768x1086.jpg 768w, https:\/\/boucan.info\/wp-content\/uploads\/2024\/06\/floriane-affiche-1086x1536.jpg 1086w\" sizes=\"(max-width: 1414px) 100vw, 1414px\" \/><\/a><\/div><div class=\"o-posts-grid-post-body\"><span class=\"o-posts-grid-post-category\"><a href=\"https:\/\/boucan.info\/index.php\/category\/festival-cine-boucan\/cine-boucan-4\/\">Cine-boucan-4<\/a><\/span><h4 class=\"o-posts-grid-post-title\"><a href=\"https:\/\/boucan.info\/index.php\/2024\/10\/22\/vendredi-22-novembre-19h-ces-choses-la-on-nen-parle-pas-on-oublie\/\">Vendredi 22 novembre &#8211; 19h \/\/ Ces choses l\u00e0 on n&rsquo;en parle pas&#8230; On oublie<\/a><\/h4><p class=\"o-posts-grid-post-meta\">Posted on <time datetime=\"2024-10-22T19:35:39+02:00\">22 octobre 2024<\/time> by <a href=\"https:\/\/boucan.info\/index.php\/author\/pdrouot\/\">Palamy DROUOT<\/a><\/p><div class=\"o-posts-grid-post-description\"><p>Conf\u00e9rence th\u00e9\u00e2tralis\u00e9e de Floriane Durin sur l\u2019inceste et le patriarcat, \u00e0 Bess\u00e8ges, La Calmette et\u2026<\/p><\/div><\/div><\/div><\/div><div class=\"o-posts-grid-post-blog o-posts-grid-post-plain\"><div class=\"o-posts-grid-post\"><div class=\"o-posts-grid-post-image\"><a href=\"https:\/\/boucan.info\/index.php\/2024\/10\/21\/lundi-25-novembre-20h30-how-to-have-sex\/\"><img loading=\"lazy\" decoding=\"async\" width=\"310\" height=\"420\" src=\"https:\/\/boucan.info\/wp-content\/uploads\/2023\/11\/how-to-have-sex.webp\" class=\"attachment-full size-full\" alt=\"Lundi 25 novembre &#8211; 20h30 \/\/ How to have sex\" srcset=\"https:\/\/boucan.info\/wp-content\/uploads\/2023\/11\/how-to-have-sex.webp 310w, https:\/\/boucan.info\/wp-content\/uploads\/2023\/11\/how-to-have-sex-221x300.webp 221w\" sizes=\"(max-width: 310px) 100vw, 310px\" \/><\/a><\/div><div class=\"o-posts-grid-post-body\"><span class=\"o-posts-grid-post-category\"><a href=\"https:\/\/boucan.info\/index.php\/category\/annee\/2023\/\">2023<\/a><\/span><h4 class=\"o-posts-grid-post-title\"><a href=\"https:\/\/boucan.info\/index.php\/2024\/10\/21\/lundi-25-novembre-20h30-how-to-have-sex\/\">Lundi 25 novembre &#8211; 20h30 \/\/ How to have sex<\/a><\/h4><p class=\"o-posts-grid-post-meta\">Posted on <time datetime=\"2024-10-21T19:44:02+02:00\">21 octobre 2024<\/time> by <a href=\"https:\/\/boucan.info\/index.php\/author\/pdrouot\/\">Palamy DROUOT<\/a><\/p><div class=\"o-posts-grid-post-description\"><p>S\u00e9ance suivie d\u2019un cin\u00e9-discute anim\u00e9 par Boucan, en pr\u00e9sence d\u2019Apolline Dosse, doctorante en \u00e9tudes\u2026<\/p><\/div><\/div><\/div><\/div><div class=\"o-posts-grid-post-blog o-posts-grid-post-plain\"><div class=\"o-posts-grid-post\"><div class=\"o-posts-grid-post-image\"><a href=\"https:\/\/boucan.info\/index.php\/2024\/10\/20\/mardi-26-novembre-20h30-a-barjac-dalva\/\"><img loading=\"lazy\" decoding=\"async\" width=\"661\" height=\"900\" src=\"https:\/\/boucan.info\/wp-content\/uploads\/2024\/10\/dalva.jpg\" class=\"attachment-full size-full\" alt=\"Mardi 26 novembre &#8211; 20h30 \u00e0 Barjac \/\/\u00a0 Dalva\" srcset=\"https:\/\/boucan.info\/wp-content\/uploads\/2024\/10\/dalva.jpg 661w, https:\/\/boucan.info\/wp-content\/uploads\/2024\/10\/dalva-220x300.jpg 220w\" sizes=\"(max-width: 661px) 100vw, 661px\" \/><\/a><\/div><div class=\"o-posts-grid-post-body\"><span class=\"o-posts-grid-post-category\"><a href=\"https:\/\/boucan.info\/index.php\/category\/annee\/2023\/\">2023<\/a><\/span><h4 class=\"o-posts-grid-post-title\"><a href=\"https:\/\/boucan.info\/index.php\/2024\/10\/20\/mardi-26-novembre-20h30-a-barjac-dalva\/\">Mardi 26 novembre &#8211; 20h30 \u00e0 Barjac \/\/\u00a0 Dalva<\/a><\/h4><p class=\"o-posts-grid-post-meta\">Posted on <time datetime=\"2024-10-20T19:45:59+02:00\">20 octobre 2024<\/time> by <a href=\"https:\/\/boucan.info\/index.php\/author\/pdrouot\/\">Palamy DROUOT<\/a><\/p><div class=\"o-posts-grid-post-description\"><p>S\u00e9ance hors les murs au Cin\u00e9ma Trintignant \u00e0 Barjac avec DEI Gard<\/p><\/div><\/div><\/div><\/div><div class=\"o-posts-grid-post-blog o-posts-grid-post-plain\"><div class=\"o-posts-grid-post\"><div class=\"o-posts-grid-post-image\"><a href=\"https:\/\/boucan.info\/index.php\/2024\/10\/19\/mercredi-27-novembre-a-15h-tomboy\/\"><img loading=\"lazy\" decoding=\"async\" width=\"768\" height=\"1024\" src=\"https:\/\/boucan.info\/wp-content\/uploads\/2024\/10\/Tomboy.jpg\" class=\"attachment-full size-full\" alt=\"Mercredi 27 novembre \u00e0 15h \/\/ Tomboy\" srcset=\"https:\/\/boucan.info\/wp-content\/uploads\/2024\/10\/Tomboy.jpg 768w, https:\/\/boucan.info\/wp-content\/uploads\/2024\/10\/Tomboy-225x300.jpg 225w\" sizes=\"(max-width: 768px) 100vw, 768px\" \/><\/a><\/div><div class=\"o-posts-grid-post-body\"><span class=\"o-posts-grid-post-category\"><a href=\"https:\/\/boucan.info\/index.php\/category\/annee\/2011\/\">2011<\/a><\/span><h4 class=\"o-posts-grid-post-title\"><a href=\"https:\/\/boucan.info\/index.php\/2024\/10\/19\/mercredi-27-novembre-a-15h-tomboy\/\">Mercredi 27 novembre \u00e0 15h \/\/ Tomboy<\/a><\/h4><p class=\"o-posts-grid-post-meta\">Posted on <time datetime=\"2024-10-19T19:46:20+02:00\">19 octobre 2024<\/time> by <a href=\"https:\/\/boucan.info\/index.php\/author\/pdrouot\/\">Palamy DROUOT<\/a><\/p><div class=\"o-posts-grid-post-description\"><p>S\u00e9ance jeune public au Cineplanet suivie d&#039;un cin\u00e9-discute avec Boucan<\/p><\/div><\/div><\/div><\/div><div class=\"o-posts-grid-post-blog o-posts-grid-post-plain\"><div class=\"o-posts-grid-post\"><div class=\"o-posts-grid-post-image\"><a href=\"https:\/\/boucan.info\/index.php\/2024\/10\/18\/mercredi-27-novembre-ce-que-cecile-sait-journal-de-sortie-dinceste\/\"><img loading=\"lazy\" decoding=\"async\" width=\"500\" height=\"641\" src=\"https:\/\/boucan.info\/wp-content\/uploads\/2024\/10\/ce_que_cecile_sait.jpg\" class=\"attachment-full size-full\" alt=\"Mercredi 27 novembre \/\/ \u00ab\u00a0Ce que C\u00e9cile sait, journal de sortie d&rsquo;inceste\u00a0\u00bb\" srcset=\"https:\/\/boucan.info\/wp-content\/uploads\/2024\/10\/ce_que_cecile_sait.jpg 500w, https:\/\/boucan.info\/wp-content\/uploads\/2024\/10\/ce_que_cecile_sait-234x300.jpg 234w\" sizes=\"(max-width: 500px) 100vw, 500px\" \/><\/a><\/div><div class=\"o-posts-grid-post-body\"><span class=\"o-posts-grid-post-category\"><a href=\"https:\/\/boucan.info\/index.php\/category\/annee\/2024\/\">2024<\/a><\/span><h4 class=\"o-posts-grid-post-title\"><a href=\"https:\/\/boucan.info\/index.php\/2024\/10\/18\/mercredi-27-novembre-ce-que-cecile-sait-journal-de-sortie-dinceste\/\">Mercredi 27 novembre \/\/ \u00ab\u00a0Ce que C\u00e9cile sait, journal de sortie d&rsquo;inceste\u00a0\u00bb<\/a><\/h4><p class=\"o-posts-grid-post-meta\">Posted on <time datetime=\"2024-10-18T21:31:03+02:00\">18 octobre 2024<\/time> by <a href=\"https:\/\/boucan.info\/index.php\/author\/pdrouot\/\">Palamy DROUOT<\/a><\/p><div class=\"o-posts-grid-post-description\"><p>Rencontre anim\u00e9e par Boucan \u00e0 la librairie Al\u00e8s BD<\/p><\/div><\/div><\/div><\/div><div class=\"o-posts-grid-post-blog o-posts-grid-post-plain\"><div class=\"o-posts-grid-post\"><div class=\"o-posts-grid-post-image\"><a href=\"https:\/\/boucan.info\/index.php\/2024\/10\/17\/jeudi-28-novembre-14h-atelier-corps-et-sante-sexuelle-20h30-memoires-dun-corps-brulant\/\"><img loading=\"lazy\" decoding=\"async\" width=\"310\" height=\"420\" src=\"https:\/\/boucan.info\/wp-content\/uploads\/2024\/10\/memoires_d_un_corps_brulant.jpg\" class=\"attachment-full size-full\" alt=\"Jeudi 28 novembre \/\/ 14h Atelier corps et sant\u00e9 sexuelle &#8211; 20h30\u00a0M\u00e9moires d\u2019un corps br\u00fblant\u00a0\u00a0\u00a0\u00a0\u00a0\" srcset=\"https:\/\/boucan.info\/wp-content\/uploads\/2024\/10\/memoires_d_un_corps_brulant.jpg 310w, https:\/\/boucan.info\/wp-content\/uploads\/2024\/10\/memoires_d_un_corps_brulant-221x300.jpg 221w\" sizes=\"(max-width: 310px) 100vw, 310px\" \/><\/a><\/div><div class=\"o-posts-grid-post-body\"><span class=\"o-posts-grid-post-category\"><a href=\"https:\/\/boucan.info\/index.php\/category\/annee\/2024\/\">2024<\/a><\/span><h4 class=\"o-posts-grid-post-title\"><a href=\"https:\/\/boucan.info\/index.php\/2024\/10\/17\/jeudi-28-novembre-14h-atelier-corps-et-sante-sexuelle-20h30-memoires-dun-corps-brulant\/\">Jeudi 28 novembre \/\/ 14h Atelier corps et sant\u00e9 sexuelle &#8211; 20h30\u00a0M\u00e9moires d\u2019un corps br\u00fblant\u00a0\u00a0\u00a0\u00a0\u00a0<\/a><\/h4><p class=\"o-posts-grid-post-meta\">Posted on <time datetime=\"2024-10-17T19:47:35+02:00\">17 octobre 2024<\/time> by <a href=\"https:\/\/boucan.info\/index.php\/author\/pdrouot\/\">Palamy DROUOT<\/a><\/p><div class=\"o-posts-grid-post-description\"><p>S\u00e9ance en avant-premi\u00e8re au Cineplanet, suivie d&#039;un cin\u00e9-discute avec Boucan<\/p><\/div><\/div><\/div><\/div><div class=\"o-posts-grid-post-blog o-posts-grid-post-plain\"><div class=\"o-posts-grid-post\"><div class=\"o-posts-grid-post-image\"><a href=\"https:\/\/boucan.info\/index.php\/2024\/10\/16\/vendredi-29-novembre-20h30-ouvrir-la-voix\/\"><img loading=\"lazy\" decoding=\"async\" width=\"414\" height=\"563\" src=\"https:\/\/boucan.info\/wp-content\/uploads\/2024\/10\/ouvrir_la_voix.jpg\" class=\"attachment-full size-full\" alt=\"\u00a0Vendredi 29 novembre &#8211; 20h30 \/\/\u00a0 Ouvrir la voix\" srcset=\"https:\/\/boucan.info\/wp-content\/uploads\/2024\/10\/ouvrir_la_voix.jpg 414w, https:\/\/boucan.info\/wp-content\/uploads\/2024\/10\/ouvrir_la_voix-221x300.jpg 221w\" sizes=\"(max-width: 414px) 100vw, 414px\" \/><\/a><\/div><div class=\"o-posts-grid-post-body\"><span class=\"o-posts-grid-post-category\"><a href=\"https:\/\/boucan.info\/index.php\/category\/annee\/2017\/\">2017<\/a><\/span><h4 class=\"o-posts-grid-post-title\"><a href=\"https:\/\/boucan.info\/index.php\/2024\/10\/16\/vendredi-29-novembre-20h30-ouvrir-la-voix\/\">\u00a0Vendredi 29 novembre &#8211; 20h30 \/\/\u00a0 Ouvrir la voix<\/a><\/h4><p class=\"o-posts-grid-post-meta\">Posted on <time datetime=\"2024-10-16T20:17:21+02:00\">16 octobre 2024<\/time> by <a href=\"https:\/\/boucan.info\/index.php\/author\/pdrouot\/\">Palamy DROUOT<\/a><\/p><div class=\"o-posts-grid-post-description\"><p>S\u00e9ance au Cineplanet suivie d&#039;un cin\u00e9-discute avec Boucan, en pr\u00e9sence d&#039;Anne Cremieux, professeure \u2026<\/p><\/div><\/div><\/div><\/div><div class=\"o-posts-grid-post-blog o-posts-grid-post-plain\"><div class=\"o-posts-grid-post\"><div class=\"o-posts-grid-post-image\"><a href=\"https:\/\/boucan.info\/index.php\/2024\/10\/15\/samedi-30-novembre-15h-naissance-des-pieuvres\/\"><img loading=\"lazy\" decoding=\"async\" width=\"751\" height=\"1024\" src=\"https:\/\/boucan.info\/wp-content\/uploads\/2024\/10\/naissance_des_pieuvres.jpg\" class=\"attachment-full size-full\" alt=\"Samedi 30 novembre &#8211; 15h\u00a0 \/\/\u00a0 Naissance des pieuvres\" srcset=\"https:\/\/boucan.info\/wp-content\/uploads\/2024\/10\/naissance_des_pieuvres.jpg 751w, https:\/\/boucan.info\/wp-content\/uploads\/2024\/10\/naissance_des_pieuvres-220x300.jpg 220w\" sizes=\"(max-width: 751px) 100vw, 751px\" \/><\/a><\/div><div class=\"o-posts-grid-post-body\"><span class=\"o-posts-grid-post-category\"><a href=\"https:\/\/boucan.info\/index.php\/category\/annee\/2007\/\">2007<\/a><\/span><h4 class=\"o-posts-grid-post-title\"><a href=\"https:\/\/boucan.info\/index.php\/2024\/10\/15\/samedi-30-novembre-15h-naissance-des-pieuvres\/\">Samedi 30 novembre &#8211; 15h\u00a0 \/\/\u00a0 Naissance des pieuvres<\/a><\/h4><p class=\"o-posts-grid-post-meta\">Posted on <time datetime=\"2024-10-15T20:18:02+02:00\">15 octobre 2024<\/time> by <a href=\"https:\/\/boucan.info\/index.php\/author\/pdrouot\/\">Palamy DROUOT<\/a><\/p><div class=\"o-posts-grid-post-description\"><p>S\u00e9ance au Cineplanet suivie d&#039;un cin\u00e9-discute avec Boucan<\/p><\/div><\/div><\/div><\/div><div class=\"o-posts-grid-post-blog o-posts-grid-post-plain\"><div class=\"o-posts-grid-post\"><div class=\"o-posts-grid-post-image\"><a href=\"https:\/\/boucan.info\/index.php\/2024\/10\/14\/samedi-30-novembre-20h30-diamant-brut\/\"><img loading=\"lazy\" decoding=\"async\" width=\"360\" height=\"480\" src=\"https:\/\/boucan.info\/wp-content\/uploads\/2024\/10\/diamant_brut.jpg\" class=\"attachment-full size-full\" alt=\"\u00a0Samedi 30 novembre &#8211; 20h30 \/\/ Diamant brut\" srcset=\"https:\/\/boucan.info\/wp-content\/uploads\/2024\/10\/diamant_brut.jpg 360w, https:\/\/boucan.info\/wp-content\/uploads\/2024\/10\/diamant_brut-225x300.jpg 225w\" sizes=\"(max-width: 360px) 100vw, 360px\" \/><\/a><\/div><div class=\"o-posts-grid-post-body\"><span class=\"o-posts-grid-post-category\"><a href=\"https:\/\/boucan.info\/index.php\/category\/annee\/2024\/\">2024<\/a><\/span><h4 class=\"o-posts-grid-post-title\"><a href=\"https:\/\/boucan.info\/index.php\/2024\/10\/14\/samedi-30-novembre-20h30-diamant-brut\/\">\u00a0Samedi 30 novembre &#8211; 20h30 \/\/ Diamant brut<\/a><\/h4><p class=\"o-posts-grid-post-meta\">Posted on <time datetime=\"2024-10-14T20:18:49+02:00\">14 octobre 2024<\/time> by <a href=\"https:\/\/boucan.info\/index.php\/author\/pdrouot\/\">Palamy DROUOT<\/a><\/p><div class=\"o-posts-grid-post-description\"><p>S\u00e9ance au Cineplanet suivie d&#039;un cin\u00e9-discute avec Boucan<\/p><\/div><\/div><\/div><\/div><div class=\"o-posts-grid-post-blog o-posts-grid-post-plain\"><div class=\"o-posts-grid-post\"><div class=\"o-posts-grid-post-image\"><a href=\"https:\/\/boucan.info\/index.php\/2024\/10\/13\/dimanche-1er-decembre-10h30-hola-frida\/\"><img loading=\"lazy\" decoding=\"async\" width=\"1920\" height=\"2560\" src=\"https:\/\/boucan.info\/wp-content\/uploads\/2024\/10\/hola_frida.jpg\" class=\"attachment-full size-full\" alt=\"\u00a0Dimanche 1er d\u00e9cembre &#8211; 10h30 \/\/ Hola Frida\" srcset=\"https:\/\/boucan.info\/wp-content\/uploads\/2024\/10\/hola_frida.jpg 1920w, https:\/\/boucan.info\/wp-content\/uploads\/2024\/10\/hola_frida-225x300.jpg 225w, https:\/\/boucan.info\/wp-content\/uploads\/2024\/10\/hola_frida-768x1024.jpg 768w, https:\/\/boucan.info\/wp-content\/uploads\/2024\/10\/hola_frida-1152x1536.jpg 1152w, https:\/\/boucan.info\/wp-content\/uploads\/2024\/10\/hola_frida-1536x2048.jpg 1536w\" sizes=\"(max-width: 1920px) 100vw, 1920px\" \/><\/a><\/div><div class=\"o-posts-grid-post-body\"><span class=\"o-posts-grid-post-category\"><a href=\"https:\/\/boucan.info\/index.php\/category\/festival-cine-boucan\/cine-boucan-4\/\">Cine-boucan-4<\/a><\/span><h4 class=\"o-posts-grid-post-title\"><a href=\"https:\/\/boucan.info\/index.php\/2024\/10\/13\/dimanche-1er-decembre-10h30-hola-frida\/\">\u00a0Dimanche 1er d\u00e9cembre &#8211; 10h30 \/\/ Hola Frida<\/a><\/h4><p class=\"o-posts-grid-post-meta\">Posted on <time datetime=\"2024-10-13T20:19:21+02:00\">13 octobre 2024<\/time> by <a href=\"https:\/\/boucan.info\/index.php\/author\/pdrouot\/\">Palamy DROUOT<\/a><\/p><div class=\"o-posts-grid-post-description\"><p>S\u00e9ance jeune public en avant-premi\u00e8re au Cineplanet avec un atelier d&#039;arts plastiques propos\u00e9 par Bo\u2026<\/p><\/div><\/div><\/div><\/div><div class=\"o-posts-grid-post-blog o-posts-grid-post-plain\"><div class=\"o-posts-grid-post\"><div class=\"o-posts-grid-post-image\"><a href=\"https:\/\/boucan.info\/index.php\/2024\/10\/12\/dimanche-1er-decembre-15h-primadonna\/\"><img loading=\"lazy\" decoding=\"async\" width=\"600\" height=\"885\" src=\"https:\/\/boucan.info\/wp-content\/uploads\/2024\/10\/Primadonna.jpg\" class=\"attachment-full size-full\" alt=\"Dimanche 1er d\u00e9cembre &#8211; 15h \/\/  PRIMADONNA\" srcset=\"https:\/\/boucan.info\/wp-content\/uploads\/2024\/10\/Primadonna.jpg 600w, https:\/\/boucan.info\/wp-content\/uploads\/2024\/10\/Primadonna-203x300.jpg 203w\" sizes=\"(max-width: 600px) 100vw, 600px\" \/><\/a><\/div><div class=\"o-posts-grid-post-body\"><span class=\"o-posts-grid-post-category\"><a href=\"https:\/\/boucan.info\/index.php\/category\/annee\/2024\/\">2024<\/a><\/span><h4 class=\"o-posts-grid-post-title\"><a href=\"https:\/\/boucan.info\/index.php\/2024\/10\/12\/dimanche-1er-decembre-15h-primadonna\/\">Dimanche 1er d\u00e9cembre &#8211; 15h \/\/  PRIMADONNA<\/a><\/h4><p class=\"o-posts-grid-post-meta\">Posted on <time datetime=\"2024-10-12T20:19:49+02:00\">12 octobre 2024<\/time> by <a href=\"https:\/\/boucan.info\/index.php\/author\/pdrouot\/\">Palamy DROUOT<\/a><\/p><div class=\"o-posts-grid-post-description\"><p>S\u00e9ance au Cineplanet suivie d&#039;un cin\u00e9-discute avec Boucan<\/p><\/div><\/div><\/div><\/div><div class=\"o-posts-grid-post-blog o-posts-grid-post-plain\"><div class=\"o-posts-grid-post\"><div class=\"o-posts-grid-post-image\"><a href=\"https:\/\/boucan.info\/index.php\/2024\/10\/11\/lundi-2-decembre-20h30-be-natural-lhistoire-cachee-dalice-guy-blache\/\"><img loading=\"lazy\" decoding=\"async\" width=\"310\" height=\"420\" src=\"https:\/\/boucan.info\/wp-content\/uploads\/2024\/10\/be_natural.jpg\" class=\"attachment-full size-full\" alt=\"Lundi 2 d\u00e9cembre &#8211; 20h30 \/\/  Be natural, l\u2019histoire cach\u00e9e d\u2019Alice Guy-Blach\u00e9\u00a0\u00a0\u00a0\u00a0\u00a0\" srcset=\"https:\/\/boucan.info\/wp-content\/uploads\/2024\/10\/be_natural.jpg 310w, https:\/\/boucan.info\/wp-content\/uploads\/2024\/10\/be_natural-221x300.jpg 221w\" sizes=\"(max-width: 310px) 100vw, 310px\" \/><\/a><\/div><div class=\"o-posts-grid-post-body\"><span class=\"o-posts-grid-post-category\"><a href=\"https:\/\/boucan.info\/index.php\/category\/annee\/2024\/\">2024<\/a><\/span><h4 class=\"o-posts-grid-post-title\"><a href=\"https:\/\/boucan.info\/index.php\/2024\/10\/11\/lundi-2-decembre-20h30-be-natural-lhistoire-cachee-dalice-guy-blache\/\">Lundi 2 d\u00e9cembre &#8211; 20h30 \/\/  Be natural, l\u2019histoire cach\u00e9e d\u2019Alice Guy-Blach\u00e9\u00a0\u00a0\u00a0\u00a0\u00a0<\/a><\/h4><p class=\"o-posts-grid-post-meta\">Posted on <time datetime=\"2024-10-11T20:20:42+02:00\">11 octobre 2024<\/time> by <a href=\"https:\/\/boucan.info\/index.php\/author\/pdrouot\/\">Palamy DROUOT<\/a><\/p><div class=\"o-posts-grid-post-description\"><p>S\u00e9ance au Cineplanet suivie d&#039;un cin\u00e9-discute avec Boucan<\/p><\/div><\/div><\/div><\/div><div class=\"o-posts-grid-post-blog o-posts-grid-post-plain\"><div class=\"o-posts-grid-post\"><div class=\"o-posts-grid-post-image\"><a href=\"https:\/\/boucan.info\/index.php\/2024\/10\/10\/mardi-3-decembre-les-femmes-au-balcon\/\"><img loading=\"lazy\" decoding=\"async\" width=\"310\" height=\"420\" src=\"https:\/\/boucan.info\/wp-content\/uploads\/2024\/10\/les-femmes-au-balcon.jpg\" class=\"attachment-full size-full\" alt=\"Mardi 3 d\u00e9cembre \/\/ Les femmes au balcon\" srcset=\"https:\/\/boucan.info\/wp-content\/uploads\/2024\/10\/les-femmes-au-balcon.jpg 310w, https:\/\/boucan.info\/wp-content\/uploads\/2024\/10\/les-femmes-au-balcon-221x300.jpg 221w\" sizes=\"(max-width: 310px) 100vw, 310px\" \/><\/a><\/div><div class=\"o-posts-grid-post-body\"><span class=\"o-posts-grid-post-category\"><a href=\"https:\/\/boucan.info\/index.php\/category\/annee\/2024\/\">2024<\/a><\/span><h4 class=\"o-posts-grid-post-title\"><a href=\"https:\/\/boucan.info\/index.php\/2024\/10\/10\/mardi-3-decembre-les-femmes-au-balcon\/\">Mardi 3 d\u00e9cembre \/\/ Les femmes au balcon<\/a><\/h4><p class=\"o-posts-grid-post-meta\">Posted on <time datetime=\"2024-10-10T20:21:22+02:00\">10 octobre 2024<\/time> by <a href=\"https:\/\/boucan.info\/index.php\/author\/pdrouot\/\">Palamy DROUOT<\/a><\/p><div class=\"o-posts-grid-post-description\"><p>S\u00e9ance en avant-premi\u00e8re au Cineplanet suivie d&#039;un buffet de cl\u00f4ture du festival en partenariat avec\u2026<\/p><\/div><\/div><\/div><\/div><\/div> <\/div>\n\n\n<div id=\"wp-block-themeisle-blocks-advanced-columns-62bc4787\" class=\"wp-block-themeisle-blocks-advanced-columns has-1-columns has-desktop-equal-layout has-tablet-equal-layout has-mobile-equal-layout has-vertical-unset\"><div class=\"wp-block-themeisle-blocks-advanced-columns-overlay\"><\/div><div class=\"innerblocks-wrap\">\n<div id=\"wp-block-themeisle-blocks-advanced-column-629e9852\" class=\"wp-block-themeisle-blocks-advanced-column\"><\/div>\n<\/div><\/div>\n","protected":false},"excerpt":{"rendered":"<p>Cin\u00e9 Boucan revient pour sa 4e \u00e9dition, et c&rsquo;est du 25 novembre au 3 d\u00e9cembre 2024, au Cineplanet d&rsquo;Al\u00e8s et hors les murs.<\/p>\n","protected":false},"author":3,"featured_media":0,"parent":0,"menu_order":0,"comment_status":"closed","ping_status":"closed","template":"","meta":{"neve_meta_sidebar":"","neve_meta_container":"","neve_meta_enable_content_width":"","neve_meta_content_width":0,"neve_meta_title_alignment":"","neve_meta_author_avatar":"","neve_post_elements_order":"","neve_meta_disable_header":"","neve_meta_disable_footer":"","neve_meta_disable_title":"","_themeisle_gutenberg_block_has_review":false,"footnotes":""},"class_list":["post-2146","page","type-page","status-publish","hentry"],"_links":{"self":[{"href":"https:\/\/boucan.info\/index.php\/wp-json\/wp\/v2\/pages\/2146","targetHints":{"allow":["GET"]}}],"collection":[{"href":"https:\/\/boucan.info\/index.php\/wp-json\/wp\/v2\/pages"}],"about":[{"href":"https:\/\/boucan.info\/index.php\/wp-json\/wp\/v2\/types\/page"}],"author":[{"embeddable":true,"href":"https:\/\/boucan.info\/index.php\/wp-json\/wp\/v2\/users\/3"}],"replies":[{"embeddable":true,"href":"https:\/\/boucan.info\/index.php\/wp-json\/wp\/v2\/comments?post=2146"}],"version-history":[{"count":6,"href":"https:\/\/boucan.info\/index.php\/wp-json\/wp\/v2\/pages\/2146\/revisions"}],"predecessor-version":[{"id":2821,"href":"https:\/\/boucan.info\/index.php\/wp-json\/wp\/v2\/pages\/2146\/revisions\/2821"}],"wp:attachment":[{"href":"https:\/\/boucan.info\/index.php\/wp-json\/wp\/v2\/media?parent=2146"}],"curies":[{"name":"wp","href":"https:\/\/api.w.org\/{rel}","templated":true}]}}